{"id":80,"date":"2023-09-23T22:05:46","date_gmt":"2023-09-23T20:05:46","guid":{"rendered":"https:\/\/boreas.vcpbzol.de\/?page_id=80"},"modified":"2025-05-08T16:28:47","modified_gmt":"2025-05-08T14:28:47","slug":"sippe-aquila","status":"publish","type":"page","link":"https:\/\/boreas.vcpbzol.de\/?page_id=80","title":{"rendered":"Sippe Aquila"},"content":{"rendered":"\n<p>Die Sippe &#8222;<strong>Aquila<\/strong>&#8220; (lateinisch f\u00fcr &#8222;Adler&#8220;) besteht seit dem Herbst 2022 und umfasst die Jahrg\u00e4nge 2012-2013.<\/p>\n\n\n\n<p>In den Gruppenstunden findet man uns h\u00e4ufig mit kleineren Handwerksprojekten oder in Gel\u00e4ndespielen. Zudem erlernen wir die wichtigsten Pfadfinder-Techniken wie den Aufbau von Schwarzzelten oder das Kochen auf dem Feuer.<\/p>\n\n\n\n<p>Wir treffen uns jeden Freitagabend von 16:30-18:30 Uhr mit unserer Gruppenleitung Kjeld an der Pfadfinderbildungsst\u00e4tte Sager Schweiz.<\/p>\n\n\n\n<p><em>Falls ihr Interesse habt und zum unverbindlichen Schnuppern vorbeikommen wollt, meldet euch bitte vorher per E-Mail an <span rel=\"7f312530ae311531ae312c31a73109309e313931ad312d319c311f3174313231b53118319f312e31c031153163312e31bd31\" class=\"cryptex \" style=\"\"><img src=\"https:\/\/boreas.vcpbzol.de\/wp-content\/plugins\/cryptex\/cache\/SO1GGqsyAl5-rXXZsdLVRYy__fonrnt8evMKnyramv8.png\" width=\"165\" height=\"20\" alt=\".img\" \/><\/span><\/em><\/p>\n\n\n\n<p><\/p>\n","protected":false},"excerpt":{"rendered":"<p>Die Sippe &#8222;Aquila&#8220; (lateinisch f\u00fcr &#8222;Adler&#8220;) besteht seit dem Herbst 2022 und umfasst die Jahrg\u00e4nge 2012-2013. In den Gruppenstunden findet man uns h\u00e4ufig mit kleineren Handwerksprojekten oder in Gel\u00e4ndespielen. Zudem erlernen wir die wichtigsten Pfadfinder-Techniken wie den Aufbau von Schwarzzelten oder das Kochen auf dem Feuer. Wir treffen uns jeden Freitagabend von 16:30-18:30 Uhr mit unserer Gruppenleitung Kjeld an der Pfadfinderbildungsst\u00e4tte Sager Schweiz. Falls ihr Interesse habt und zum unverbindlichen Schnuppern vorbeikommen wollt, meldet euch bitte vorher per E-Mail an<\/p>\n","protected":false},"author":1,"featured_media":0,"parent":137,"menu_order":0,"comment_status":"closed","ping_status":"closed","template":"","meta":{"footnotes":""},"class_list":["post-80","page","type-page","status-publish","hentry"],"_links":{"self":[{"href":"https:\/\/boreas.vcpbzol.de\/index.php?rest_route=\/wp\/v2\/pages\/80","targetHints":{"allow":["GET"]}}],"collection":[{"href":"https:\/\/boreas.vcpbzol.de\/index.php?rest_route=\/wp\/v2\/pages"}],"about":[{"href":"https:\/\/boreas.vcpbzol.de\/index.php?rest_route=\/wp\/v2\/types\/page"}],"author":[{"embeddable":true,"href":"https:\/\/boreas.vcpbzol.de\/index.php?rest_route=\/wp\/v2\/users\/1"}],"replies":[{"embeddable":true,"href":"https:\/\/boreas.vcpbzol.de\/index.php?rest_route=%2Fwp%2Fv2%2Fcomments&post=80"}],"version-history":[{"count":10,"href":"https:\/\/boreas.vcpbzol.de\/index.php?rest_route=\/wp\/v2\/pages\/80\/revisions"}],"predecessor-version":[{"id":159,"href":"https:\/\/boreas.vcpbzol.de\/index.php?rest_route=\/wp\/v2\/pages\/80\/revisions\/159"}],"up":[{"embeddable":true,"href":"https:\/\/boreas.vcpbzol.de\/index.php?rest_route=\/wp\/v2\/pages\/137"}],"wp:attachment":[{"href":"https:\/\/boreas.vcpbzol.de\/index.php?rest_route=%2Fwp%2Fv2%2Fmedia&parent=80"}],"curies":[{"name":"wp","href":"https:\/\/api.w.org\/{rel}","templated":true}]}}