{"id":78,"date":"2023-09-23T22:05:23","date_gmt":"2023-09-23T20:05:23","guid":{"rendered":"https:\/\/boreas.vcpbzol.de\/?page_id=78"},"modified":"2025-05-08T16:30:16","modified_gmt":"2025-05-08T14:30:16","slug":"meute-waldgeister","status":"publish","type":"page","link":"https:\/\/boreas.vcpbzol.de\/?page_id=78","title":{"rendered":"Meute Waldgeister"},"content":{"rendered":"\n<p>In der Meute &#8222;<strong>Waldgeister<\/strong>&#8220; tauchen Kinder ab dem Grundschulalter (Klasse 2-4) spielerisch in die Welt der Pfadfinder ein.<\/p>\n\n\n\n<p>Abenteuer, Spiel und Spa\u00df stehen im Vordergrund, w\u00e4hrend wir die Natur erkunden, coole Dinge basteln und erste Pfadi-Techniken lernen.<\/p>\n\n\n\n<p>Daf\u00fcr treffen wir uns jeden Freitag unter der Leitung von Laura und Leni zwischen 16:30 &#8211; 18:00 Uhr in der Pfadfinderbildungsst\u00e4tte Sager Schweiz.<\/p>\n\n\n\n<p><em>Die Meute hat derzeit ihre maximale Teilnehmerzahl erreicht. Wir f\u00fchren jedoch eine Warteliste, um neuen Kindern einen Platz zu erm\u00f6glichen. Bei Interesse bitte per E-Mail an <span rel=\"76312730b6312d31be311c31a3310831bc311c31a831123192311b318331463197313e31b8313331b7311a315f3110319f31\" class=\"cryptex \" style=\"\"><img src=\"https:\/\/boreas.vcpbzol.de\/wp-content\/plugins\/cryptex\/cache\/JmmfO99QA373HmbYzR9r_84Wkv14ZE4wGwjcki49msk.png\" width=\"165\" height=\"20\" alt=\".img\" \/><\/span> wenden<\/em>.<\/p>\n\n\n\n<p><\/p>\n","protected":false},"excerpt":{"rendered":"<p>In der Meute &#8222;Waldgeister&#8220; tauchen Kinder ab dem Grundschulalter (Klasse 2-4) spielerisch in die Welt der Pfadfinder ein. Abenteuer, Spiel und Spa\u00df stehen im Vordergrund, w\u00e4hrend wir die Natur erkunden, coole Dinge basteln und erste Pfadi-Techniken lernen. Daf\u00fcr treffen wir uns jeden Freitag unter der Leitung von Laura und Leni zwischen 16:30 &#8211; 18:00 Uhr in der Pfadfinderbildungsst\u00e4tte Sager Schweiz. Die Meute hat derzeit ihre maximale Teilnehmerzahl erreicht. Wir f\u00fchren jedoch eine Warteliste, um neuen Kindern einen Platz zu erm\u00f6glichen&#8230;.<\/p>\n<p class=\"read-more\"><a class=\"btn btn-default\" href=\"https:\/\/boreas.vcpbzol.de\/?page_id=78\">Weiterlesen<span class=\"screen-reader-text\"> Weiterlesen<\/span><\/a><\/p>\n","protected":false},"author":1,"featured_media":0,"parent":137,"menu_order":0,"comment_status":"closed","ping_status":"closed","template":"","meta":{"footnotes":""},"class_list":["post-78","page","type-page","status-publish","hentry"],"_links":{"self":[{"href":"https:\/\/boreas.vcpbzol.de\/index.php?rest_route=\/wp\/v2\/pages\/78","targetHints":{"allow":["GET"]}}],"collection":[{"href":"https:\/\/boreas.vcpbzol.de\/index.php?rest_route=\/wp\/v2\/pages"}],"about":[{"href":"https:\/\/boreas.vcpbzol.de\/index.php?rest_route=\/wp\/v2\/types\/page"}],"author":[{"embeddable":true,"href":"https:\/\/boreas.vcpbzol.de\/index.php?rest_route=\/wp\/v2\/users\/1"}],"replies":[{"embeddable":true,"href":"https:\/\/boreas.vcpbzol.de\/index.php?rest_route=%2Fwp%2Fv2%2Fcomments&post=78"}],"version-history":[{"count":5,"href":"https:\/\/boreas.vcpbzol.de\/index.php?rest_route=\/wp\/v2\/pages\/78\/revisions"}],"predecessor-version":[{"id":162,"href":"https:\/\/boreas.vcpbzol.de\/index.php?rest_route=\/wp\/v2\/pages\/78\/revisions\/162"}],"up":[{"embeddable":true,"href":"https:\/\/boreas.vcpbzol.de\/index.php?rest_route=\/wp\/v2\/pages\/137"}],"wp:attachment":[{"href":"https:\/\/boreas.vcpbzol.de\/index.php?rest_route=%2Fwp%2Fv2%2Fmedia&parent=78"}],"curies":[{"name":"wp","href":"https:\/\/api.w.org\/{rel}","templated":true}]}}